{"id":1844,"date":"2024-01-05T13:11:18","date_gmt":"2024-01-05T12:11:18","guid":{"rendered":"https:\/\/2ln-international.com\/?page_id=1844"},"modified":"2024-01-05T14:11:25","modified_gmt":"2024-01-05T13:11:25","slug":"votre-logement-garanti-rentree-decalee-en-france","status":"publish","type":"page","link":"https:\/\/2ln-international.com\/en\/votre-logement-garanti-rentree-decalee-en-france\/","title":{"rendered":"Votre logement garanti &#8211; rentr\u00e9e d\u00e9cal\u00e9e en France"},"content":{"rendered":"\t\t<div data-elementor-type=\"wp-page\" data-elementor-id=\"1844\" class=\"elementor elementor-1844\" data-elementor-post-type=\"page\">\n\t\t\t\t\t\t<section class=\"elementor-section elementor-top-section elementor-element elementor-element-af72428 elementor-section-boxed elementor-section-height-default elementor-section-height-default\" data-id=\"af72428\" data-element_type=\"section\" data-e-type=\"section\">\n\t\t\t\t\t\t<div class=\"elementor-container elementor-column-gap-default\">\n\t\t\t\t\t<div class=\"elementor-column elementor-col-100 elementor-top-column elementor-element elementor-element-31818b3\" data-id=\"31818b3\" data-element_type=\"column\" data-e-type=\"column\">\n\t\t\t<div class=\"elementor-widget-wrap elementor-element-populated\">\n\t\t\t\t\t\t<div class=\"elementor-element elementor-element-c2e9d77 elementor-widget elementor-widget-heading\" data-id=\"c2e9d77\" data-element_type=\"widget\" data-e-type=\"widget\" data-widget_type=\"heading.default\">\n\t\t\t\t<div class=\"elementor-widget-container\">\n\t\t\t\t\t<h6 class=\"elementor-heading-title elementor-size-default\">R\u00e9servez votre logement pour la rentr\u00e9e d\u00e9cal\u00e9e en France <br><br>Remplissez le formulaire de contact <br>Un expert 2LN CORP vous recontactera dans les plus brefs d\u00e9lais<\/h6>\t\t\t\t<\/div>\n\t\t\t\t<\/div>\n\t\t\t\t<div class=\"elementor-element elementor-element-01d6a6f bdt-background-overlay-yes elementor-widget elementor-widget-html\" data-id=\"01d6a6f\" data-element_type=\"widget\" data-e-type=\"widget\" data-widget_type=\"html.default\">\n\t\t\t\t<div class=\"elementor-widget-container\">\n\t\t\t\t\t<script data-b24-form=\"inline\/25\/f87kl7\" data-skip-moving=\"true\">\r\n(function(w,d,u){\r\nvar s=d.createElement('script');s.async=true;s.src=u+'?'+(Date.now()\/180000|0);\r\nvar h=d.getElementsByTagName('script')[0];h.parentNode.insertBefore(s,h);\r\n})(window,document,'https:\/\/cdn.bitrix24.fr\/b25268739\/crm\/form\/loader_25.js');\r\n<\/script>\t\t\t\t<\/div>\n\t\t\t\t<\/div>\n\t\t\t\t\t<\/div>\n\t\t<\/div>\n\t\t\t\t\t<\/div>\n\t\t<\/section>\n\t\t\t\t<\/div>\n\t\t","protected":false},"excerpt":{"rendered":"<p>R\u00e9servez votre logement pour la rentr\u00e9e d\u00e9cal\u00e9e en France Remplissez le formulaire de contact Un expert 2LN CORP vous recontactera dans les plus brefs d\u00e9lais<\/p>","protected":false},"author":2,"featured_media":1852,"parent":0,"menu_order":0,"comment_status":"closed","ping_status":"closed","template":"","meta":{"site-sidebar-layout":"no-sidebar","site-content-layout":"page-builder","ast-site-content-layout":"full-width-container","site-content-style":"default","site-sidebar-style":"default","ast-global-header-display":"","ast-banner-title-visibility":"","ast-main-header-display":"","ast-hfb-above-header-display":"","ast-hfb-below-header-display":"","ast-hfb-mobile-header-display":"","site-post-title":"disabled","ast-breadcrumbs-content":"","ast-featured-img":"disabled","footer-sml-layout":"","ast-disable-related-posts":"","theme-transparent-header-meta":"","adv-header-id-meta":"","stick-header-meta":"","header-above-stick-meta":"","header-main-stick-meta":"","header-below-stick-meta":"","astra-migrate-meta-layouts":"set","ast-page-background-enabled":"default","ast-page-background-meta":{"desktop":{"background-color":"var(--ast-global-color-4)","background-image":"","background-repeat":"repeat","background-position":"center center","background-size":"auto","background-attachment":"scroll","background-type":"","background-media":"","overlay-type":"","overlay-color":"","overlay-opacity":"","overlay-gradient":""},"tablet":{"background-color":"","background-image":"","background-repeat":"repeat","background-position":"center center","background-size":"auto","background-attachment":"scroll","background-type":"","background-media":"","overlay-type":"","overlay-color":"","overlay-opacity":"","overlay-gradient":""},"mobile":{"background-color":"","background-image":"","background-repeat":"repeat","background-position":"center center","background-size":"auto","background-attachment":"scroll","background-type":"","background-media":"","overlay-type":"","overlay-color":"","overlay-opacity":"","overlay-gradient":""}},"ast-content-background-meta":{"desktop":{"background-color":"var(--ast-global-color-5)","background-image":"","background-repeat":"repeat","background-position":"center center","background-size":"auto","background-attachment":"scroll","background-type":"","background-media":"","overlay-type":"","overlay-color":"","overlay-opacity":"","overlay-gradient":""},"tablet":{"background-color":"var(--ast-global-color-5)","background-image":"","background-repeat":"repeat","background-position":"center center","background-size":"auto","background-attachment":"scroll","background-type":"","background-media":"","overlay-type":"","overlay-color":"","overlay-opacity":"","overlay-gradient":""},"mobile":{"background-color":"var(--ast-global-color-5)","background-image":"","background-repeat":"repeat","background-position":"center center","background-size":"auto","background-attachment":"scroll","background-type":"","background-media":"","overlay-type":"","overlay-color":"","overlay-opacity":"","overlay-gradient":""}},"footnotes":""},"class_list":["post-1844","page","type-page","status-publish","has-post-thumbnail","hentry"],"yoast_head":"<!-- This site is optimized with the Yoast SEO Premium plugin v21.7 (Yoast SEO v27.5) - https:\/\/yoast.com\/product\/yoast-seo-premium-wordpress\/ -->\n<title>Votre logement garanti - rentr\u00e9e d\u00e9cal\u00e9e en France - 2ln International<\/title>\n<meta name=\"description\" content=\"Besoin d&#039;un logement pour votre rentr\u00e9e d\u00e9cal\u00e9e en France ? Nos traqueurs d&#039;appartements 2LN CORP vous trouvent le bien locatif qui vous convient\" \/>\n<meta name=\"robots\" content=\"index, follow, max-snippet:-1, max-image-preview:large, max-video-preview:-1\" \/>\n<link rel=\"canonical\" href=\"https:\/\/2ln-international.com\/en\/votre-logement-garanti-rentree-decalee-en-france\/\" \/>\n<meta property=\"og:locale\" content=\"en_GB\" \/>\n<meta property=\"og:type\" content=\"article\" \/>\n<meta property=\"og:title\" content=\"Votre logement garanti - rentr\u00e9e d\u00e9cal\u00e9e en France\" \/>\n<meta property=\"og:description\" content=\"Besoin d&#039;un logement pour votre rentr\u00e9e d\u00e9cal\u00e9e en France ? Nos traqueurs d&#039;appartements 2LN CORP vous trouvent le bien locatif qui vous convient\" \/>\n<meta property=\"og:url\" content=\"https:\/\/2ln-international.com\/en\/votre-logement-garanti-rentree-decalee-en-france\/\" \/>\n<meta property=\"og:site_name\" content=\"2ln International\" \/>\n<meta property=\"article:publisher\" content=\"https:\/\/www.facebook.com\/profile.php?id=100091769081847&amp;mibextid=LQQJ4d\" \/>\n<meta property=\"article:modified_time\" content=\"2024-01-05T13:11:25+00:00\" \/>\n<meta property=\"og:image\" content=\"https:\/\/2ln-international.com\/wp-content\/uploads\/2024\/01\/IMG_2024.png\" \/>\n\t<meta property=\"og:image:width\" content=\"1081\" \/>\n\t<meta property=\"og:image:height\" content=\"1081\" \/>\n\t<meta property=\"og:image:type\" content=\"image\/png\" \/>\n<meta name=\"twitter:card\" content=\"summary_large_image\" \/>\n<meta name=\"twitter:site\" content=\"@2lncorporation\" \/>\n<meta name=\"twitter:label1\" content=\"Estimated reading time\" \/>\n\t<meta name=\"twitter:data1\" content=\"1 minute\" \/>\n<script type=\"application\/ld+json\" class=\"yoast-schema-graph\">{\"@context\":\"https:\\\/\\\/schema.org\",\"@graph\":[{\"@type\":\"WebPage\",\"@id\":\"https:\\\/\\\/2ln-international.com\\\/votre-logement-garanti-rentree-decalee-en-france\\\/\",\"url\":\"https:\\\/\\\/2ln-international.com\\\/votre-logement-garanti-rentree-decalee-en-france\\\/\",\"name\":\"Votre logement garanti - rentr\u00e9e d\u00e9cal\u00e9e en France - 2ln International\",\"isPartOf\":{\"@id\":\"https:\\\/\\\/2ln-international.com\\\/#website\"},\"primaryImageOfPage\":{\"@id\":\"https:\\\/\\\/2ln-international.com\\\/votre-logement-garanti-rentree-decalee-en-france\\\/#primaryimage\"},\"image\":{\"@id\":\"https:\\\/\\\/2ln-international.com\\\/votre-logement-garanti-rentree-decalee-en-france\\\/#primaryimage\"},\"thumbnailUrl\":\"https:\\\/\\\/2ln-international.com\\\/wp-content\\\/uploads\\\/2024\\\/01\\\/IMG_2024.png\",\"datePublished\":\"2024-01-05T12:11:18+00:00\",\"dateModified\":\"2024-01-05T13:11:25+00:00\",\"description\":\"Besoin d'un logement pour votre rentr\u00e9e d\u00e9cal\u00e9e en France ? Nos traqueurs d'appartements 2LN CORP vous trouvent le bien locatif qui vous convient\",\"breadcrumb\":{\"@id\":\"https:\\\/\\\/2ln-international.com\\\/votre-logement-garanti-rentree-decalee-en-france\\\/#breadcrumb\"},\"inLanguage\":\"en-GB\",\"potentialAction\":[{\"@type\":\"ReadAction\",\"target\":[\"https:\\\/\\\/2ln-international.com\\\/votre-logement-garanti-rentree-decalee-en-france\\\/\"]}]},{\"@type\":\"ImageObject\",\"inLanguage\":\"en-GB\",\"@id\":\"https:\\\/\\\/2ln-international.com\\\/votre-logement-garanti-rentree-decalee-en-france\\\/#primaryimage\",\"url\":\"https:\\\/\\\/2ln-international.com\\\/wp-content\\\/uploads\\\/2024\\\/01\\\/IMG_2024.png\",\"contentUrl\":\"https:\\\/\\\/2ln-international.com\\\/wp-content\\\/uploads\\\/2024\\\/01\\\/IMG_2024.png\",\"width\":1081,\"height\":1081},{\"@type\":\"BreadcrumbList\",\"@id\":\"https:\\\/\\\/2ln-international.com\\\/votre-logement-garanti-rentree-decalee-en-france\\\/#breadcrumb\",\"itemListElement\":[{\"@type\":\"ListItem\",\"position\":1,\"name\":\"Accueil\",\"item\":\"https:\\\/\\\/2ln-international.com\\\/\"},{\"@type\":\"ListItem\",\"position\":2,\"name\":\"Votre logement garanti &#8211; rentr\u00e9e d\u00e9cal\u00e9e en France\"}]},{\"@type\":\"WebSite\",\"@id\":\"https:\\\/\\\/2ln-international.com\\\/#website\",\"url\":\"https:\\\/\\\/2ln-international.com\\\/\",\"name\":\"2ln International\",\"description\":\"We easily change your life\",\"publisher\":{\"@id\":\"https:\\\/\\\/2ln-international.com\\\/#organization\"},\"potentialAction\":[{\"@type\":\"SearchAction\",\"target\":{\"@type\":\"EntryPoint\",\"urlTemplate\":\"https:\\\/\\\/2ln-international.com\\\/?s={search_term_string}\"},\"query-input\":{\"@type\":\"PropertyValueSpecification\",\"valueRequired\":true,\"valueName\":\"search_term_string\"}}],\"inLanguage\":\"en-GB\"},{\"@type\":\"Organization\",\"@id\":\"https:\\\/\\\/2ln-international.com\\\/#organization\",\"name\":\"2ln International\",\"url\":\"https:\\\/\\\/2ln-international.com\\\/\",\"logo\":{\"@type\":\"ImageObject\",\"inLanguage\":\"en-GB\",\"@id\":\"https:\\\/\\\/2ln-international.com\\\/#\\\/schema\\\/logo\\\/image\\\/\",\"url\":\"https:\\\/\\\/2ln-international.com\\\/wp-content\\\/uploads\\\/2024\\\/09\\\/cropped-cropped-2ln-International_Plan-de-travail-1.png\",\"contentUrl\":\"https:\\\/\\\/2ln-international.com\\\/wp-content\\\/uploads\\\/2024\\\/09\\\/cropped-cropped-2ln-International_Plan-de-travail-1.png\",\"width\":554,\"height\":189,\"caption\":\"2ln International\"},\"image\":{\"@id\":\"https:\\\/\\\/2ln-international.com\\\/#\\\/schema\\\/logo\\\/image\\\/\"},\"sameAs\":[\"https:\\\/\\\/www.facebook.com\\\/profile.php?id=100091769081847&mibextid=LQQJ4d\",\"https:\\\/\\\/x.com\\\/2lncorporation\",\"https:\\\/\\\/www.linkedin.com\\\/company\\\/2ln-corporation\",\"https:\\\/\\\/instagram.com\\\/2lncorp\"]}]}<\/script>\n<!-- \/ Yoast SEO Premium plugin. -->","yoast_head_json":{"title":"Votre logement garanti - rentr\u00e9e d\u00e9cal\u00e9e en France - 2ln International","description":"Besoin d'un logement pour votre rentr\u00e9e d\u00e9cal\u00e9e en France ? Nos traqueurs d'appartements 2LN CORP vous trouvent le bien locatif qui vous convient","robots":{"index":"index","follow":"follow","max-snippet":"max-snippet:-1","max-image-preview":"max-image-preview:large","max-video-preview":"max-video-preview:-1"},"canonical":"https:\/\/2ln-international.com\/en\/votre-logement-garanti-rentree-decalee-en-france\/","og_locale":"en_GB","og_type":"article","og_title":"Votre logement garanti - rentr\u00e9e d\u00e9cal\u00e9e en France","og_description":"Besoin d'un logement pour votre rentr\u00e9e d\u00e9cal\u00e9e en France ? Nos traqueurs d'appartements 2LN CORP vous trouvent le bien locatif qui vous convient","og_url":"https:\/\/2ln-international.com\/en\/votre-logement-garanti-rentree-decalee-en-france\/","og_site_name":"2ln International","article_publisher":"https:\/\/www.facebook.com\/profile.php?id=100091769081847&mibextid=LQQJ4d","article_modified_time":"2024-01-05T13:11:25+00:00","og_image":[{"width":1081,"height":1081,"url":"https:\/\/2ln-international.com\/wp-content\/uploads\/2024\/01\/IMG_2024.png","type":"image\/png"}],"twitter_card":"summary_large_image","twitter_site":"@2lncorporation","twitter_misc":{"Estimated reading time":"1 minute"},"schema":{"@context":"https:\/\/schema.org","@graph":[{"@type":"WebPage","@id":"https:\/\/2ln-international.com\/votre-logement-garanti-rentree-decalee-en-france\/","url":"https:\/\/2ln-international.com\/votre-logement-garanti-rentree-decalee-en-france\/","name":"Votre logement garanti - rentr\u00e9e d\u00e9cal\u00e9e en France - 2ln International","isPartOf":{"@id":"https:\/\/2ln-international.com\/#website"},"primaryImageOfPage":{"@id":"https:\/\/2ln-international.com\/votre-logement-garanti-rentree-decalee-en-france\/#primaryimage"},"image":{"@id":"https:\/\/2ln-international.com\/votre-logement-garanti-rentree-decalee-en-france\/#primaryimage"},"thumbnailUrl":"https:\/\/2ln-international.com\/wp-content\/uploads\/2024\/01\/IMG_2024.png","datePublished":"2024-01-05T12:11:18+00:00","dateModified":"2024-01-05T13:11:25+00:00","description":"Besoin d'un logement pour votre rentr\u00e9e d\u00e9cal\u00e9e en France ? Nos traqueurs d'appartements 2LN CORP vous trouvent le bien locatif qui vous convient","breadcrumb":{"@id":"https:\/\/2ln-international.com\/votre-logement-garanti-rentree-decalee-en-france\/#breadcrumb"},"inLanguage":"en-GB","potentialAction":[{"@type":"ReadAction","target":["https:\/\/2ln-international.com\/votre-logement-garanti-rentree-decalee-en-france\/"]}]},{"@type":"ImageObject","inLanguage":"en-GB","@id":"https:\/\/2ln-international.com\/votre-logement-garanti-rentree-decalee-en-france\/#primaryimage","url":"https:\/\/2ln-international.com\/wp-content\/uploads\/2024\/01\/IMG_2024.png","contentUrl":"https:\/\/2ln-international.com\/wp-content\/uploads\/2024\/01\/IMG_2024.png","width":1081,"height":1081},{"@type":"BreadcrumbList","@id":"https:\/\/2ln-international.com\/votre-logement-garanti-rentree-decalee-en-france\/#breadcrumb","itemListElement":[{"@type":"ListItem","position":1,"name":"Accueil","item":"https:\/\/2ln-international.com\/"},{"@type":"ListItem","position":2,"name":"Votre logement garanti &#8211; rentr\u00e9e d\u00e9cal\u00e9e en France"}]},{"@type":"WebSite","@id":"https:\/\/2ln-international.com\/#website","url":"https:\/\/2ln-international.com\/","name":"2ln International","description":"We easily change your life","publisher":{"@id":"https:\/\/2ln-international.com\/#organization"},"potentialAction":[{"@type":"SearchAction","target":{"@type":"EntryPoint","urlTemplate":"https:\/\/2ln-international.com\/?s={search_term_string}"},"query-input":{"@type":"PropertyValueSpecification","valueRequired":true,"valueName":"search_term_string"}}],"inLanguage":"en-GB"},{"@type":"Organization","@id":"https:\/\/2ln-international.com\/#organization","name":"2ln International","url":"https:\/\/2ln-international.com\/","logo":{"@type":"ImageObject","inLanguage":"en-GB","@id":"https:\/\/2ln-international.com\/#\/schema\/logo\/image\/","url":"https:\/\/2ln-international.com\/wp-content\/uploads\/2024\/09\/cropped-cropped-2ln-International_Plan-de-travail-1.png","contentUrl":"https:\/\/2ln-international.com\/wp-content\/uploads\/2024\/09\/cropped-cropped-2ln-International_Plan-de-travail-1.png","width":554,"height":189,"caption":"2ln International"},"image":{"@id":"https:\/\/2ln-international.com\/#\/schema\/logo\/image\/"},"sameAs":["https:\/\/www.facebook.com\/profile.php?id=100091769081847&mibextid=LQQJ4d","https:\/\/x.com\/2lncorporation","https:\/\/www.linkedin.com\/company\/2ln-corporation","https:\/\/instagram.com\/2lncorp"]}]}},"_links":{"self":[{"href":"https:\/\/2ln-international.com\/en\/wp-json\/wp\/v2\/pages\/1844","targetHints":{"allow":["GET"]}}],"collection":[{"href":"https:\/\/2ln-international.com\/en\/wp-json\/wp\/v2\/pages"}],"about":[{"href":"https:\/\/2ln-international.com\/en\/wp-json\/wp\/v2\/types\/page"}],"author":[{"embeddable":true,"href":"https:\/\/2ln-international.com\/en\/wp-json\/wp\/v2\/users\/2"}],"replies":[{"embeddable":true,"href":"https:\/\/2ln-international.com\/en\/wp-json\/wp\/v2\/comments?post=1844"}],"version-history":[{"count":1,"href":"https:\/\/2ln-international.com\/en\/wp-json\/wp\/v2\/pages\/1844\/revisions"}],"predecessor-version":[{"id":1865,"href":"https:\/\/2ln-international.com\/en\/wp-json\/wp\/v2\/pages\/1844\/revisions\/1865"}],"wp:featuredmedia":[{"embeddable":true,"href":"https:\/\/2ln-international.com\/en\/wp-json\/wp\/v2\/media\/1852"}],"wp:attachment":[{"href":"https:\/\/2ln-international.com\/en\/wp-json\/wp\/v2\/media?parent=1844"}],"curies":[{"name":"wp","href":"https:\/\/api.w.org\/{rel}","templated":true}]}}