{"id":1393,"date":"2023-12-23T12:57:19","date_gmt":"2023-12-23T11:57:19","guid":{"rendered":"https:\/\/2ln-international.com\/?page_id=1393"},"modified":"2023-12-28T20:47:40","modified_gmt":"2023-12-28T19:47:40","slug":"logement","status":"publish","type":"page","link":"https:\/\/2ln-international.com\/en\/logement\/","title":{"rendered":"Residential"},"content":{"rendered":"<div data-elementor-type=\"wp-page\" data-elementor-id=\"1393\" class=\"elementor elementor-1393\" data-elementor-post-type=\"page\">\n\t\t\t\t\t\t<section class=\"elementor-section elementor-top-section elementor-element elementor-element-6f2e58d elementor-section-height-min-height elementor-section-boxed elementor-section-height-default elementor-section-items-middle\" data-id=\"6f2e58d\" data-element_type=\"section\" data-e-type=\"section\" data-settings=\"{&quot;background_background&quot;:&quot;classic&quot;}\">\n\t\t\t\t\t\t\t<div class=\"elementor-background-overlay\"><\/div>\n\t\t\t\t\t\t\t<div class=\"elementor-container elementor-column-gap-default\">\n\t\t\t\t\t<div class=\"elementor-column elementor-col-100 elementor-top-column elementor-element elementor-element-697788c\" data-id=\"697788c\" data-element_type=\"column\" data-e-type=\"column\">\n\t\t\t<div class=\"elementor-widget-wrap elementor-element-populated\">\n\t\t\t\t\t\t<div class=\"elementor-element elementor-element-768af85 elementor-widget elementor-widget-heading\" data-id=\"768af85\" data-element_type=\"widget\" data-e-type=\"widget\" data-widget_type=\"heading.default\">\n\t\t\t\t<div class=\"elementor-widget-container\">\n\t\t\t\t\t<h1 class=\"elementor-heading-title elementor-size-default\">We work together with <br>the best partners<\/h1>\t\t\t\t<\/div>\n\t\t\t\t<\/div>\n\t\t\t\t\t<\/div>\n\t\t<\/div>\n\t\t\t\t\t<\/div>\n\t\t<\/section>\n\t\t\t\t<section class=\"elementor-section elementor-top-section elementor-element elementor-element-e2db290 elementor-section-boxed elementor-section-height-default elementor-section-height-default\" data-id=\"e2db290\" data-element_type=\"section\" data-e-type=\"section\">\n\t\t\t\t\t\t<div class=\"elementor-container elementor-column-gap-wide\">\n\t\t\t\t\t<div class=\"elementor-column elementor-col-50 elementor-top-column elementor-element elementor-element-e00e204\" data-id=\"e00e204\" data-element_type=\"column\" data-e-type=\"column\">\n\t\t\t<div class=\"elementor-widget-wrap elementor-element-populated\">\n\t\t\t\t\t\t<div class=\"elementor-element elementor-element-7c0cf3f elementor-widget__width-auto elementor-widget elementor-widget-image\" data-id=\"7c0cf3f\" data-element_type=\"widget\" data-e-type=\"widget\" data-widget_type=\"image.default\">\n\t\t\t\t<div class=\"elementor-widget-container\">\n\t\t\t\t\t\t\t\t\t\t\t\t\t\t\t<img fetchpriority=\"high\" decoding=\"async\" width=\"640\" height=\"400\" src=\"https:\/\/2ln-international.com\/wp-content\/uploads\/2023\/12\/flatlooker.webp\" class=\"attachment-full size-full wp-image-1498\" alt=\"\" srcset=\"https:\/\/2ln-international.com\/wp-content\/uploads\/2023\/12\/flatlooker.webp 640w, https:\/\/2ln-international.com\/wp-content\/uploads\/2023\/12\/flatlooker-300x188.webp 300w, https:\/\/2ln-international.com\/wp-content\/uploads\/2023\/12\/flatlooker-18x12.webp 18w\" sizes=\"(max-width: 640px) 100vw, 640px\" \/>\t\t\t\t\t\t\t\t\t\t\t\t\t\t\t<\/div>\n\t\t\t\t<\/div>\n\t\t\t\t<div class=\"elementor-element elementor-element-762c915 elementor-widget elementor-widget-text-editor\" data-id=\"762c915\" data-element_type=\"widget\" data-e-type=\"widget\" data-widget_type=\"text-editor.default\">\n\t\t\t\t<div class=\"elementor-widget-container\">\n\t\t\t\t\t\t\t\t\t<strong><a href=\"https:\/\/www.flatlooker.com\/\" >Flatlooker<\/a><\/strong> est le leader de la location en ligne. Depuis 2016, Flatlooker a d\u00e9j\u00e0 r\u00e9alis\u00e9 plus de 20 000 locations, en alliant technologies et experts immobiliers pour assurer un service rapide et transparent.\nNe perdez plus de temps \u00e0 chercher votre logement, louez o\u00f9 que vous soyez n&rsquo;importe quand, tout se passe en ligne sur une plateforme s\u00e9curis\u00e9e.\t\t\t\t\t\t\t\t<\/div>\n\t\t\t\t<\/div>\n\t\t\t\t\t<\/div>\n\t\t<\/div>\n\t\t\t\t<div class=\"elementor-column elementor-col-50 elementor-top-column elementor-element elementor-element-f66e092\" data-id=\"f66e092\" data-element_type=\"column\" data-e-type=\"column\">\n\t\t\t<div class=\"elementor-widget-wrap elementor-element-populated\">\n\t\t\t\t\t\t<div class=\"elementor-element elementor-element-3e20775 elementor-widget elementor-widget-image\" data-id=\"3e20775\" data-element_type=\"widget\" data-e-type=\"widget\" data-widget_type=\"image.default\">\n\t\t\t\t<div class=\"elementor-widget-container\">\n\t\t\t\t\t\t\t\t\t\t\t\t\t\t\t<img decoding=\"async\" width=\"1024\" height=\"329\" src=\"https:\/\/2ln-international.com\/wp-content\/uploads\/2023\/12\/logo-LBA-1024x329-1.jpg\" class=\"attachment-full size-full wp-image-1502\" alt=\"\" srcset=\"https:\/\/2ln-international.com\/wp-content\/uploads\/2023\/12\/logo-LBA-1024x329-1.jpg 1024w, https:\/\/2ln-international.com\/wp-content\/uploads\/2023\/12\/logo-LBA-1024x329-1-300x96.jpg 300w, https:\/\/2ln-international.com\/wp-content\/uploads\/2023\/12\/logo-LBA-1024x329-1-768x247.jpg 768w, https:\/\/2ln-international.com\/wp-content\/uploads\/2023\/12\/logo-LBA-1024x329-1-18x6.jpg 18w\" sizes=\"(max-width: 1024px) 100vw, 1024px\" \/>\t\t\t\t\t\t\t\t\t\t\t\t\t\t\t<\/div>\n\t\t\t\t<\/div>\n\t\t\t\t<div class=\"elementor-element elementor-element-af04214 elementor-widget elementor-widget-text-editor\" data-id=\"af04214\" data-element_type=\"widget\" data-e-type=\"widget\" data-widget_type=\"text-editor.default\">\n\t\t\t\t<div class=\"elementor-widget-container\">\n\t\t\t\t\t\t\t\t\t\u00ab <a href=\"https:\/\/www.lesbellesannees.com\/\" ><strong>Les Belles Ann\u00e9es<\/strong><\/a> \"specialises in the management of student residences. These residences offer a living environment suited to students looking for independence and freedom. The quality of the accommodation is one of their key assets, ensuring optimum living comfort for students. Located in strategic locations, these residences provide easy access to universities and other higher education establishments. Les Belles Ann\u00e9es stands out for its approach, which focuses on the specific needs of students, providing them with a living space that combines both privacy and opportunities to socialise within a dynamic student community. The aim is to create an environment conducive to students' study and personal development, by offering them high-quality services and facilities.\t\t\t\t\t\t\t\t<\/div>\n\t\t\t\t<\/div>\n\t\t\t\t\t<\/div>\n\t\t<\/div>\n\t\t\t\t\t<\/div>\n\t\t<\/section>\n\t\t\t\t<section class=\"elementor-section elementor-top-section elementor-element elementor-element-ca1efe0 elementor-section-boxed elementor-section-height-default elementor-section-height-default\" data-id=\"ca1efe0\" data-element_type=\"section\" data-e-type=\"section\">\n\t\t\t\t\t\t<div class=\"elementor-container elementor-column-gap-wide\">\n\t\t\t\t\t<div class=\"elementor-column elementor-col-50 elementor-top-column elementor-element elementor-element-6c7007d\" data-id=\"6c7007d\" data-element_type=\"column\" data-e-type=\"column\">\n\t\t\t<div class=\"elementor-widget-wrap elementor-element-populated\">\n\t\t\t\t\t\t<div class=\"elementor-element elementor-element-99fa11a elementor-widget elementor-widget-image\" data-id=\"99fa11a\" data-element_type=\"widget\" data-e-type=\"widget\" data-widget_type=\"image.default\">\n\t\t\t\t<div class=\"elementor-widget-container\">\n\t\t\t\t\t\t\t\t\t\t\t\t\t\t\t<img decoding=\"async\" width=\"601\" height=\"400\" src=\"https:\/\/2ln-international.com\/wp-content\/uploads\/2023\/12\/Guarantme-3.webp\" class=\"attachment-full size-full wp-image-1768\" alt=\"\" srcset=\"https:\/\/2ln-international.com\/wp-content\/uploads\/2023\/12\/Guarantme-3.webp 601w, https:\/\/2ln-international.com\/wp-content\/uploads\/2023\/12\/Guarantme-3-300x200.webp 300w, https:\/\/2ln-international.com\/wp-content\/uploads\/2023\/12\/Guarantme-3-18x12.webp 18w\" sizes=\"(max-width: 601px) 100vw, 601px\" \/>\t\t\t\t\t\t\t\t\t\t\t\t\t\t\t<\/div>\n\t\t\t\t<\/div>\n\t\t\t\t<div class=\"elementor-element elementor-element-12a33f3 elementor-widget elementor-widget-text-editor\" data-id=\"12a33f3\" data-element_type=\"widget\" data-e-type=\"widget\" data-widget_type=\"text-editor.default\">\n\t\t\t\t<div class=\"elementor-widget-container\">\n\t\t\t\t\t\t\t\t\t<strong><a href=\"https:\/\/garantme.fr\/fr\/relocation-2ln-corp\" >Garantme<\/a><\/strong> is your guarantor in France. Our guarantee puts your file at the top of the landlord's pile. To achieve this, GarantMe works with partner insurers who provide the guarantees your landlord expects.\t\t\t\t\t\t\t\t<\/div>\n\t\t\t\t<\/div>\n\t\t\t\t\t<\/div>\n\t\t<\/div>\n\t\t\t\t<div class=\"elementor-column elementor-col-50 elementor-top-column elementor-element elementor-element-7b98a60\" data-id=\"7b98a60\" data-element_type=\"column\" data-e-type=\"column\">\n\t\t\t<div class=\"elementor-widget-wrap elementor-element-populated\">\n\t\t\t\t\t\t<div class=\"elementor-element elementor-element-b6bd4e7 elementor-widget__width-auto elementor-widget elementor-widget-image\" data-id=\"b6bd4e7\" data-element_type=\"widget\" data-e-type=\"widget\" data-widget_type=\"image.default\">\n\t\t\t\t<div class=\"elementor-widget-container\">\n\t\t\t\t\t\t\t\t\t\t\t\t\t\t\t<img loading=\"lazy\" decoding=\"async\" width=\"500\" height=\"400\" src=\"https:\/\/2ln-international.com\/wp-content\/uploads\/2023\/12\/SmartGarant.webp\" class=\"attachment-full size-full wp-image-1769\" alt=\"\" srcset=\"https:\/\/2ln-international.com\/wp-content\/uploads\/2023\/12\/SmartGarant.webp 500w, https:\/\/2ln-international.com\/wp-content\/uploads\/2023\/12\/SmartGarant-300x240.webp 300w, https:\/\/2ln-international.com\/wp-content\/uploads\/2023\/12\/SmartGarant-15x12.webp 15w\" sizes=\"(max-width: 500px) 100vw, 500px\" \/>\t\t\t\t\t\t\t\t\t\t\t\t\t\t\t<\/div>\n\t\t\t\t<\/div>\n\t\t\t\t<div class=\"elementor-element elementor-element-01c6c0b elementor-widget elementor-widget-text-editor\" data-id=\"01c6c0b\" data-element_type=\"widget\" data-e-type=\"widget\" data-widget_type=\"text-editor.default\">\n\t\t\t\t<div class=\"elementor-widget-container\">\n\t\t\t\t\t\t\t\t\t<strong><a href=\"https:\/\/www.smart-garant.com\/fr\/partners\/2lncorp\" >SmartGarant<\/a><\/strong> est une startup innovante ayant pour ambition de r\u00e9volutionner le march\u00e9 de la location en apportant plus de s\u00e9curit\u00e9 et de transparence entre le locataire et son propri\u00e9taire.\nLa soci\u00e9t\u00e9 a pour vocation de faciliter l&rsquo;acc\u00e8s au logement pour tous.\t\t\t\t\t\t\t\t<\/div>\n\t\t\t\t<\/div>\n\t\t\t\t\t<\/div>\n\t\t<\/div>\n\t\t\t\t\t<\/div>\n\t\t<\/section>\n\t\t\t\t<\/div>","protected":false},"excerpt":{"rendered":"<p>Nous travaillons avec les meilleurs partenaires Flatlooker est le leader de la location en ligne. Depuis 2016, Flatlooker a d\u00e9j\u00e0 r\u00e9alis\u00e9 plus de 20 000 locations, en alliant technologies et experts immobiliers pour assurer un service rapide et transparent. Ne perdez plus de temps \u00e0 chercher votre logement, louez o\u00f9 que vous soyez n&rsquo;importe quand, [&hellip;]<\/p>\n","protected":false},"author":2,"featured_media":0,"parent":0,"menu_order":0,"comment_status":"closed","ping_status":"closed","template":"","meta":{"site-sidebar-layout":"no-sidebar","site-content-layout":"page-builder","ast-site-content-layout":"full-width-container","site-content-style":"default","site-sidebar-style":"default","ast-global-header-display":"","ast-banner-title-visibility":"","ast-main-header-display":"","ast-hfb-above-header-display":"","ast-hfb-below-header-display":"","ast-hfb-mobile-header-display":"","site-post-title":"disabled","ast-breadcrumbs-content":"","ast-featured-img":"disabled","footer-sml-layout":"","ast-disable-related-posts":"","theme-transparent-header-meta":"","adv-header-id-meta":"","stick-header-meta":"","header-above-stick-meta":"","header-main-stick-meta":"","header-below-stick-meta":"","astra-migrate-meta-layouts":"set","ast-page-background-enabled":"default","ast-page-background-meta":{"desktop":{"background-color":"var(--ast-global-color-4)","background-image":"","background-repeat":"repeat","background-position":"center center","background-size":"auto","background-attachment":"scroll","background-type":"","background-media":"","overlay-type":"","overlay-color":"","overlay-opacity":"","overlay-gradient":""},"tablet":{"background-color":"","background-image":"","background-repeat":"repeat","background-position":"center center","background-size":"auto","background-attachment":"scroll","background-type":"","background-media":"","overlay-type":"","overlay-color":"","overlay-opacity":"","overlay-gradient":""},"mobile":{"background-color":"","background-image":"","background-repeat":"repeat","background-position":"center center","background-size":"auto","background-attachment":"scroll","background-type":"","background-media":"","overlay-type":"","overlay-color":"","overlay-opacity":"","overlay-gradient":""}},"ast-content-background-meta":{"desktop":{"background-color":"var(--ast-global-color-5)","background-image":"","background-repeat":"repeat","background-position":"center center","background-size":"auto","background-attachment":"scroll","background-type":"","background-media":"","overlay-type":"","overlay-color":"","overlay-opacity":"","overlay-gradient":""},"tablet":{"background-color":"var(--ast-global-color-5)","background-image":"","background-repeat":"repeat","background-position":"center center","background-size":"auto","background-attachment":"scroll","background-type":"","background-media":"","overlay-type":"","overlay-color":"","overlay-opacity":"","overlay-gradient":""},"mobile":{"background-color":"var(--ast-global-color-5)","background-image":"","background-repeat":"repeat","background-position":"center center","background-size":"auto","background-attachment":"scroll","background-type":"","background-media":"","overlay-type":"","overlay-color":"","overlay-opacity":"","overlay-gradient":""}},"footnotes":""},"class_list":["post-1393","page","type-page","status-publish","hentry"],"yoast_head":"<!-- This site is optimized with the Yoast SEO Premium plugin v21.7 (Yoast SEO v27.4) - https:\/\/yoast.com\/product\/yoast-seo-premium-wordpress\/ -->\n<title>Logement - 2ln International<\/title>\n<meta name=\"robots\" content=\"index, follow, max-snippet:-1, max-image-preview:large, max-video-preview:-1\" \/>\n<link rel=\"canonical\" href=\"https:\/\/2ln-international.com\/en\/logement\/\" \/>\n<meta property=\"og:locale\" content=\"en_GB\" \/>\n<meta property=\"og:type\" content=\"article\" \/>\n<meta property=\"og:title\" content=\"Logement\" \/>\n<meta property=\"og:description\" content=\"Nous travaillons avec les meilleurs partenaires Flatlooker est le leader de la location en ligne. Depuis 2016, Flatlooker a d\u00e9j\u00e0 r\u00e9alis\u00e9 plus de 20 000 locations, en alliant technologies et experts immobiliers pour assurer un service rapide et transparent. Ne perdez plus de temps \u00e0 chercher votre logement, louez o\u00f9 que vous soyez n&rsquo;importe quand, [&hellip;]\" \/>\n<meta property=\"og:url\" content=\"https:\/\/2ln-international.com\/en\/logement\/\" \/>\n<meta property=\"og:site_name\" content=\"2ln International\" \/>\n<meta property=\"article:publisher\" content=\"https:\/\/www.facebook.com\/profile.php?id=100091769081847&amp;mibextid=LQQJ4d\" \/>\n<meta property=\"article:modified_time\" content=\"2023-12-28T19:47:40+00:00\" \/>\n<meta property=\"og:image\" content=\"https:\/\/2ln-international.com\/wp-content\/uploads\/2023\/12\/flatlooker.webp\" \/>\n<meta name=\"twitter:card\" content=\"summary_large_image\" \/>\n<meta name=\"twitter:site\" content=\"@2lncorporation\" \/>\n<meta name=\"twitter:label1\" content=\"Estimated reading time\" \/>\n\t<meta name=\"twitter:data1\" content=\"3 minutes\" \/>\n<script type=\"application\/ld+json\" class=\"yoast-schema-graph\">{\"@context\":\"https:\\\/\\\/schema.org\",\"@graph\":[{\"@type\":\"WebPage\",\"@id\":\"https:\\\/\\\/2ln-international.com\\\/logement\\\/\",\"url\":\"https:\\\/\\\/2ln-international.com\\\/logement\\\/\",\"name\":\"Logement - 2ln International\",\"isPartOf\":{\"@id\":\"https:\\\/\\\/2ln-international.com\\\/#website\"},\"primaryImageOfPage\":{\"@id\":\"https:\\\/\\\/2ln-international.com\\\/logement\\\/#primaryimage\"},\"image\":{\"@id\":\"https:\\\/\\\/2ln-international.com\\\/logement\\\/#primaryimage\"},\"thumbnailUrl\":\"https:\\\/\\\/2ln-international.com\\\/wp-content\\\/uploads\\\/2023\\\/12\\\/flatlooker.webp\",\"datePublished\":\"2023-12-23T11:57:19+00:00\",\"dateModified\":\"2023-12-28T19:47:40+00:00\",\"breadcrumb\":{\"@id\":\"https:\\\/\\\/2ln-international.com\\\/logement\\\/#breadcrumb\"},\"inLanguage\":\"en-GB\",\"potentialAction\":[{\"@type\":\"ReadAction\",\"target\":[\"https:\\\/\\\/2ln-international.com\\\/logement\\\/\"]}]},{\"@type\":\"ImageObject\",\"inLanguage\":\"en-GB\",\"@id\":\"https:\\\/\\\/2ln-international.com\\\/logement\\\/#primaryimage\",\"url\":\"https:\\\/\\\/2ln-international.com\\\/wp-content\\\/uploads\\\/2023\\\/12\\\/flatlooker.webp\",\"contentUrl\":\"https:\\\/\\\/2ln-international.com\\\/wp-content\\\/uploads\\\/2023\\\/12\\\/flatlooker.webp\"},{\"@type\":\"BreadcrumbList\",\"@id\":\"https:\\\/\\\/2ln-international.com\\\/logement\\\/#breadcrumb\",\"itemListElement\":[{\"@type\":\"ListItem\",\"position\":1,\"name\":\"Accueil\",\"item\":\"https:\\\/\\\/2ln-international.com\\\/\"},{\"@type\":\"ListItem\",\"position\":2,\"name\":\"Logement\"}]},{\"@type\":\"WebSite\",\"@id\":\"https:\\\/\\\/2ln-international.com\\\/#website\",\"url\":\"https:\\\/\\\/2ln-international.com\\\/\",\"name\":\"2ln International\",\"description\":\"We easily change your life\",\"publisher\":{\"@id\":\"https:\\\/\\\/2ln-international.com\\\/#organization\"},\"potentialAction\":[{\"@type\":\"SearchAction\",\"target\":{\"@type\":\"EntryPoint\",\"urlTemplate\":\"https:\\\/\\\/2ln-international.com\\\/?s={search_term_string}\"},\"query-input\":{\"@type\":\"PropertyValueSpecification\",\"valueRequired\":true,\"valueName\":\"search_term_string\"}}],\"inLanguage\":\"en-GB\"},{\"@type\":\"Organization\",\"@id\":\"https:\\\/\\\/2ln-international.com\\\/#organization\",\"name\":\"2ln International\",\"url\":\"https:\\\/\\\/2ln-international.com\\\/\",\"logo\":{\"@type\":\"ImageObject\",\"inLanguage\":\"en-GB\",\"@id\":\"https:\\\/\\\/2ln-international.com\\\/#\\\/schema\\\/logo\\\/image\\\/\",\"url\":\"https:\\\/\\\/2ln-international.com\\\/wp-content\\\/uploads\\\/2024\\\/09\\\/cropped-cropped-2ln-International_Plan-de-travail-1.png\",\"contentUrl\":\"https:\\\/\\\/2ln-international.com\\\/wp-content\\\/uploads\\\/2024\\\/09\\\/cropped-cropped-2ln-International_Plan-de-travail-1.png\",\"width\":554,\"height\":189,\"caption\":\"2ln International\"},\"image\":{\"@id\":\"https:\\\/\\\/2ln-international.com\\\/#\\\/schema\\\/logo\\\/image\\\/\"},\"sameAs\":[\"https:\\\/\\\/www.facebook.com\\\/profile.php?id=100091769081847&mibextid=LQQJ4d\",\"https:\\\/\\\/x.com\\\/2lncorporation\",\"https:\\\/\\\/www.linkedin.com\\\/company\\\/2ln-corporation\",\"https:\\\/\\\/instagram.com\\\/2lncorp\"]}]}<\/script>\n<!-- \/ Yoast SEO Premium plugin. -->","yoast_head_json":{"title":"Logement - 2ln International","robots":{"index":"index","follow":"follow","max-snippet":"max-snippet:-1","max-image-preview":"max-image-preview:large","max-video-preview":"max-video-preview:-1"},"canonical":"https:\/\/2ln-international.com\/en\/logement\/","og_locale":"en_GB","og_type":"article","og_title":"Logement","og_description":"Nous travaillons avec les meilleurs partenaires Flatlooker est le leader de la location en ligne. Depuis 2016, Flatlooker a d\u00e9j\u00e0 r\u00e9alis\u00e9 plus de 20 000 locations, en alliant technologies et experts immobiliers pour assurer un service rapide et transparent. Ne perdez plus de temps \u00e0 chercher votre logement, louez o\u00f9 que vous soyez n&rsquo;importe quand, [&hellip;]","og_url":"https:\/\/2ln-international.com\/en\/logement\/","og_site_name":"2ln International","article_publisher":"https:\/\/www.facebook.com\/profile.php?id=100091769081847&mibextid=LQQJ4d","article_modified_time":"2023-12-28T19:47:40+00:00","og_image":[{"url":"https:\/\/2ln-international.com\/wp-content\/uploads\/2023\/12\/flatlooker.webp","type":"","width":"","height":""}],"twitter_card":"summary_large_image","twitter_site":"@2lncorporation","twitter_misc":{"Estimated reading time":"3 minutes"},"schema":{"@context":"https:\/\/schema.org","@graph":[{"@type":"WebPage","@id":"https:\/\/2ln-international.com\/logement\/","url":"https:\/\/2ln-international.com\/logement\/","name":"Logement - 2ln International","isPartOf":{"@id":"https:\/\/2ln-international.com\/#website"},"primaryImageOfPage":{"@id":"https:\/\/2ln-international.com\/logement\/#primaryimage"},"image":{"@id":"https:\/\/2ln-international.com\/logement\/#primaryimage"},"thumbnailUrl":"https:\/\/2ln-international.com\/wp-content\/uploads\/2023\/12\/flatlooker.webp","datePublished":"2023-12-23T11:57:19+00:00","dateModified":"2023-12-28T19:47:40+00:00","breadcrumb":{"@id":"https:\/\/2ln-international.com\/logement\/#breadcrumb"},"inLanguage":"en-GB","potentialAction":[{"@type":"ReadAction","target":["https:\/\/2ln-international.com\/logement\/"]}]},{"@type":"ImageObject","inLanguage":"en-GB","@id":"https:\/\/2ln-international.com\/logement\/#primaryimage","url":"https:\/\/2ln-international.com\/wp-content\/uploads\/2023\/12\/flatlooker.webp","contentUrl":"https:\/\/2ln-international.com\/wp-content\/uploads\/2023\/12\/flatlooker.webp"},{"@type":"BreadcrumbList","@id":"https:\/\/2ln-international.com\/logement\/#breadcrumb","itemListElement":[{"@type":"ListItem","position":1,"name":"Accueil","item":"https:\/\/2ln-international.com\/"},{"@type":"ListItem","position":2,"name":"Logement"}]},{"@type":"WebSite","@id":"https:\/\/2ln-international.com\/#website","url":"https:\/\/2ln-international.com\/","name":"2ln International","description":"We easily change your life","publisher":{"@id":"https:\/\/2ln-international.com\/#organization"},"potentialAction":[{"@type":"SearchAction","target":{"@type":"EntryPoint","urlTemplate":"https:\/\/2ln-international.com\/?s={search_term_string}"},"query-input":{"@type":"PropertyValueSpecification","valueRequired":true,"valueName":"search_term_string"}}],"inLanguage":"en-GB"},{"@type":"Organization","@id":"https:\/\/2ln-international.com\/#organization","name":"2ln International","url":"https:\/\/2ln-international.com\/","logo":{"@type":"ImageObject","inLanguage":"en-GB","@id":"https:\/\/2ln-international.com\/#\/schema\/logo\/image\/","url":"https:\/\/2ln-international.com\/wp-content\/uploads\/2024\/09\/cropped-cropped-2ln-International_Plan-de-travail-1.png","contentUrl":"https:\/\/2ln-international.com\/wp-content\/uploads\/2024\/09\/cropped-cropped-2ln-International_Plan-de-travail-1.png","width":554,"height":189,"caption":"2ln International"},"image":{"@id":"https:\/\/2ln-international.com\/#\/schema\/logo\/image\/"},"sameAs":["https:\/\/www.facebook.com\/profile.php?id=100091769081847&mibextid=LQQJ4d","https:\/\/x.com\/2lncorporation","https:\/\/www.linkedin.com\/company\/2ln-corporation","https:\/\/instagram.com\/2lncorp"]}]}},"_links":{"self":[{"href":"https:\/\/2ln-international.com\/en\/wp-json\/wp\/v2\/pages\/1393","targetHints":{"allow":["GET"]}}],"collection":[{"href":"https:\/\/2ln-international.com\/en\/wp-json\/wp\/v2\/pages"}],"about":[{"href":"https:\/\/2ln-international.com\/en\/wp-json\/wp\/v2\/types\/page"}],"author":[{"embeddable":true,"href":"https:\/\/2ln-international.com\/en\/wp-json\/wp\/v2\/users\/2"}],"replies":[{"embeddable":true,"href":"https:\/\/2ln-international.com\/en\/wp-json\/wp\/v2\/comments?post=1393"}],"version-history":[{"count":1,"href":"https:\/\/2ln-international.com\/en\/wp-json\/wp\/v2\/pages\/1393\/revisions"}],"predecessor-version":[{"id":1836,"href":"https:\/\/2ln-international.com\/en\/wp-json\/wp\/v2\/pages\/1393\/revisions\/1836"}],"wp:attachment":[{"href":"https:\/\/2ln-international.com\/en\/wp-json\/wp\/v2\/media?parent=1393"}],"curies":[{"name":"wp","href":"https:\/\/api.w.org\/{rel}","templated":true}]}}