{"id":1383,"date":"2023-12-23T12:59:43","date_gmt":"2023-12-23T11:59:43","guid":{"rendered":"https:\/\/2ln-international.com\/?page_id=1383"},"modified":"2024-01-17T12:34:34","modified_gmt":"2024-01-17T11:34:34","slug":"banque","status":"publish","type":"page","link":"https:\/\/2ln-international.com\/en\/banque\/","title":{"rendered":"Bank"},"content":{"rendered":"\t\t<div data-elementor-type=\"wp-page\" data-elementor-id=\"1383\" class=\"elementor elementor-1383\" data-elementor-post-type=\"page\">\n\t\t\t\t\t\t<section class=\"elementor-section elementor-top-section elementor-element elementor-element-6fe54c7 elementor-section-height-min-height elementor-section-boxed elementor-section-height-default elementor-section-items-middle\" data-id=\"6fe54c7\" data-element_type=\"section\" data-e-type=\"section\" data-settings=\"{&quot;background_background&quot;:&quot;classic&quot;}\">\n\t\t\t\t\t\t\t<div class=\"elementor-background-overlay\"><\/div>\n\t\t\t\t\t\t\t<div class=\"elementor-container elementor-column-gap-default\">\n\t\t\t\t\t<div class=\"elementor-column elementor-col-100 elementor-top-column elementor-element elementor-element-b931056\" data-id=\"b931056\" data-element_type=\"column\" data-e-type=\"column\">\n\t\t\t<div class=\"elementor-widget-wrap elementor-element-populated\">\n\t\t\t\t\t\t<div class=\"elementor-element elementor-element-921f6a2 elementor-widget elementor-widget-heading\" data-id=\"921f6a2\" data-element_type=\"widget\" data-e-type=\"widget\" data-widget_type=\"heading.default\">\n\t\t\t\t<div class=\"elementor-widget-container\">\n\t\t\t\t\t<h1 class=\"elementor-heading-title elementor-size-default\">Nous travaillons avec <br>les meilleurs partenaires<\/h1>\t\t\t\t<\/div>\n\t\t\t\t<\/div>\n\t\t\t\t\t<\/div>\n\t\t<\/div>\n\t\t\t\t\t<\/div>\n\t\t<\/section>\n\t\t\t\t<section class=\"elementor-section elementor-top-section elementor-element elementor-element-56be664 elementor-section-boxed elementor-section-height-default elementor-section-height-default\" data-id=\"56be664\" data-element_type=\"section\" data-e-type=\"section\">\n\t\t\t\t\t\t<div class=\"elementor-container elementor-column-gap-wide\">\n\t\t\t\t\t<div class=\"elementor-column elementor-col-50 elementor-top-column elementor-element elementor-element-6c04eb8\" data-id=\"6c04eb8\" data-element_type=\"column\" data-e-type=\"column\">\n\t\t\t<div class=\"elementor-widget-wrap elementor-element-populated\">\n\t\t\t\t\t\t<div class=\"elementor-element elementor-element-de251a5 elementor-widget__width-auto elementor-widget elementor-widget-image\" data-id=\"de251a5\" data-element_type=\"widget\" data-e-type=\"widget\" data-widget_type=\"image.default\">\n\t\t\t\t<div class=\"elementor-widget-container\">\n\t\t\t\t\t\t\t\t\t\t\t\t\t\t\t<img fetchpriority=\"high\" decoding=\"async\" width=\"400\" height=\"400\" src=\"https:\/\/2ln-international.com\/wp-content\/uploads\/2023\/12\/bnp.png\" class=\"attachment-full size-full wp-image-1478\" alt=\"\" srcset=\"https:\/\/2ln-international.com\/wp-content\/uploads\/2023\/12\/bnp.png 400w, https:\/\/2ln-international.com\/wp-content\/uploads\/2023\/12\/bnp-300x300.png 300w, https:\/\/2ln-international.com\/wp-content\/uploads\/2023\/12\/bnp-150x150.png 150w, https:\/\/2ln-international.com\/wp-content\/uploads\/2023\/12\/bnp-12x12.png 12w\" sizes=\"(max-width: 400px) 100vw, 400px\" \/>\t\t\t\t\t\t\t\t\t\t\t\t\t\t\t<\/div>\n\t\t\t\t<\/div>\n\t\t\t\t<div class=\"elementor-element elementor-element-0e6d013 elementor-widget elementor-widget-text-editor\" data-id=\"0e6d013\" data-element_type=\"widget\" data-e-type=\"widget\" data-widget_type=\"text-editor.default\">\n\t\t\t\t<div class=\"elementor-widget-container\">\n\t\t\t\t\t\t\t\t\t<p><strong><a href=\"https:\/\/mabanque.bnpparibas\/\" target=\"blank\">BNP Paribas<\/a><\/strong> est la premi\u00e8re banque de la zone Euro et un acteur bancaire international majeur.<\/p><p>Cette collaboration a pour but d&rsquo;offrir encore plus de solutions et de services aux \u00e9tudiants internationaux qui souhaitent poursuivre leurs \u00e9tudes en France, en leur facilitant l&rsquo;acc\u00e8s \u00e0 des services financiers et autres ressources.<\/p><p>D\u00e9couvrez les avantages exceptionnels que 2LN CORP a obtenu pour vous accompagner tout au long de votre mobilit\u00e9.<\/p>\t\t\t\t\t\t\t\t<\/div>\n\t\t\t\t<\/div>\n\t\t\t\t\t<\/div>\n\t\t<\/div>\n\t\t\t\t<div class=\"elementor-column elementor-col-50 elementor-top-column elementor-element elementor-element-a18aa87\" data-id=\"a18aa87\" data-element_type=\"column\" data-e-type=\"column\">\n\t\t\t<div class=\"elementor-widget-wrap elementor-element-populated\">\n\t\t\t\t\t\t<div class=\"elementor-element elementor-element-e7508fe elementor-widget elementor-widget-text-editor\" data-id=\"e7508fe\" data-element_type=\"widget\" data-e-type=\"widget\" data-widget_type=\"text-editor.default\">\n\t\t\t\t<div class=\"elementor-widget-container\">\n\t\t\t\t\t\t\t\t\t<p>Contactez-nous pour b\u00e9n\u00e9ficier des avantages exceptionnels que 2LN CORP a obtenu pour vous.<\/p>\t\t\t\t\t\t\t\t<\/div>\n\t\t\t\t<\/div>\n\t\t\t\t<div class=\"elementor-element elementor-element-82e2b7e elementor-widget elementor-widget-wpforms\" data-id=\"82e2b7e\" data-element_type=\"widget\" data-e-type=\"widget\" data-widget_type=\"wpforms.default\">\n\t\t\t\t<div class=\"elementor-widget-container\">\n\t\t\t\t\t<style id=\"wpforms-css-vars-root\">\n\t\t\t\t:root {\n\t\t\t\t\t--wpforms-field-border-radius: 3px;\n--wpforms-field-background-color: #ffffff;\n--wpforms-field-border-color: rgba( 0, 0, 0, 0.25 );\n--wpforms-field-text-color: rgba( 0, 0, 0, 0.7 );\n--wpforms-label-color: rgba( 0, 0, 0, 0.85 );\n--wpforms-label-sublabel-color: rgba( 0, 0, 0, 0.55 );\n--wpforms-label-error-color: #d63637;\n--wpforms-button-border-radius: 3px;\n--wpforms-button-background-color: #066aab;\n--wpforms-button-text-color: #ffffff;\n--wpforms-field-size-input-height: 43px;\n--wpforms-field-size-input-spacing: 15px;\n--wpforms-field-size-font-size: 16px;\n--wpforms-field-size-line-height: 19px;\n--wpforms-field-size-padding-h: 14px;\n--wpforms-field-size-checkbox-size: 16px;\n--wpforms-field-size-sublabel-spacing: 5px;\n--wpforms-field-size-icon-size: 1;\n--wpforms-label-size-font-size: 16px;\n--wpforms-label-size-line-height: 19px;\n--wpforms-label-size-sublabel-font-size: 14px;\n--wpforms-label-size-sublabel-line-height: 17px;\n--wpforms-button-size-font-size: 17px;\n--wpforms-button-size-height: 41px;\n--wpforms-button-size-padding-h: 15px;\n--wpforms-button-size-margin-top: 10px;\n\n\t\t\t\t}\n\t\t\t<\/style><div class=\"wpforms-container wpforms-container-full wpforms-render-modern\" id=\"wpforms-551\"><form id=\"wpforms-form-551\" class=\"wpforms-validate wpforms-form\" data-formid=\"551\" method=\"post\" enctype=\"multipart\/form-data\" action=\"\/en\/wp-json\/wp\/v2\/pages\/1383\" data-token=\"909bb8df518fb5c8d0fabd81356e5348\"><noscript class=\"wpforms-error-noscript\">Please enable JavaScript in your browser to complete this form.<\/noscript><div class=\"wpforms-hidden\" id=\"wpforms-error-noscript\">Please enable JavaScript in your browser to complete this form.<\/div><div class=\"wpforms-field-container\"><div id=\"wpforms-551-field_0-container\" class=\"wpforms-field wpforms-field-name\" data-field-id=\"0\"><label class=\"wpforms-field-label wpforms-label-hide\" for=\"wpforms-551-field_0\" aria-hidden=\"false\">Name <span class=\"wpforms-required-label\" aria-hidden=\"true\">*<\/span><\/label><input type=\"text\" id=\"wpforms-551-field_0\" class=\"wpforms-field-large wpforms-field-required\" name=\"wpforms[fields][0]\" placeholder=\"Name\" aria-errormessage=\"wpforms-551-field_0-error\" required><\/div><div id=\"wpforms-551-field_1-container\" class=\"wpforms-field wpforms-field-email\" data-field-id=\"1\"><label class=\"wpforms-field-label wpforms-label-hide\" for=\"wpforms-551-field_1\" aria-hidden=\"false\">Email <span class=\"wpforms-required-label\" aria-hidden=\"true\">*<\/span><\/label><input type=\"email\" id=\"wpforms-551-field_1\" class=\"wpforms-field-large wpforms-field-required\" name=\"wpforms[fields][1]\" placeholder=\"Email\" spellcheck=\"false\" aria-errormessage=\"wpforms-551-field_1-error\" required><\/div><div id=\"wpforms-551-field_3-container\" class=\"wpforms-field wpforms-field-text\" data-field-id=\"3\"><label class=\"wpforms-field-label wpforms-label-hide\" for=\"wpforms-551-field_3\" aria-hidden=\"false\">Subject <span class=\"wpforms-required-label\" aria-hidden=\"true\">*<\/span><\/label><input type=\"text\" id=\"wpforms-551-field_3\" class=\"wpforms-field-large wpforms-field-required\" name=\"wpforms[fields][3]\" placeholder=\"Subject\" aria-errormessage=\"wpforms-551-field_3-error\" required><\/div><div id=\"wpforms-551-field_2-container\" class=\"wpforms-field wpforms-field-textarea\" data-field-id=\"2\"><label class=\"wpforms-field-label wpforms-label-hide\" for=\"wpforms-551-field_2\" aria-hidden=\"false\">Comment or Message <span class=\"wpforms-required-label\" aria-hidden=\"true\">*<\/span><\/label><textarea id=\"wpforms-551-field_2\" class=\"wpforms-field-medium wpforms-field-required\" name=\"wpforms[fields][2]\" placeholder=\"Message\" aria-errormessage=\"wpforms-551-field_2-error\" required><\/textarea><\/div><\/div><!-- .wpforms-field-container --><div class=\"wpforms-field wpforms-field-hp\"><label for=\"wpforms-551-field-hp\" class=\"wpforms-field-label\">Name<\/label><input type=\"text\" name=\"wpforms[hp]\" id=\"wpforms-551-field-hp\" class=\"wpforms-field-medium\"><\/div><div class=\"wpforms-submit-container\" ><input type=\"hidden\" name=\"wpforms[id]\" value=\"551\"><input type=\"hidden\" name=\"wpforms[author]\" value=\"2\"><button type=\"submit\" name=\"wpforms[submit]\" id=\"wpforms-submit-551\" class=\"wpforms-submit\" data-alt-text=\"Sending...\" data-submit-text=\"Send Message\" aria-live=\"assertive\" value=\"wpforms-submit\">Send Message<\/button><\/div><\/form><\/div>  <!-- .wpforms-container -->\t\t\t\t<\/div>\n\t\t\t\t<\/div>\n\t\t\t\t\t<\/div>\n\t\t<\/div>\n\t\t\t\t\t<\/div>\n\t\t<\/section>\n\t\t\t\t<\/div>\n\t\t","protected":false},"excerpt":{"rendered":"<p>Nous travaillons avec les meilleurs partenaires BNP Paribas est la premi\u00e8re banque de la zone Euro et un acteur bancaire international majeur. Cette collaboration a pour but d&rsquo;offrir encore plus de solutions et de services aux \u00e9tudiants internationaux qui souhaitent poursuivre leurs \u00e9tudes en France, en leur facilitant l&rsquo;acc\u00e8s \u00e0 des services financiers et autres [&hellip;]<\/p>\n","protected":false},"author":2,"featured_media":0,"parent":0,"menu_order":0,"comment_status":"closed","ping_status":"closed","template":"","meta":{"site-sidebar-layout":"no-sidebar","site-content-layout":"page-builder","ast-site-content-layout":"full-width-container","site-content-style":"default","site-sidebar-style":"default","ast-global-header-display":"","ast-banner-title-visibility":"","ast-main-header-display":"","ast-hfb-above-header-display":"","ast-hfb-below-header-display":"","ast-hfb-mobile-header-display":"","site-post-title":"disabled","ast-breadcrumbs-content":"","ast-featured-img":"disabled","footer-sml-layout":"","ast-disable-related-posts":"","theme-transparent-header-meta":"","adv-header-id-meta":"","stick-header-meta":"","header-above-stick-meta":"","header-main-stick-meta":"","header-below-stick-meta":"","astra-migrate-meta-layouts":"default","ast-page-background-enabled":"default","ast-page-background-meta":{"desktop":{"background-color":"var(--ast-global-color-4)","background-image":"","background-repeat":"repeat","background-position":"center center","background-size":"auto","background-attachment":"scroll","background-type":"","background-media":"","overlay-type":"","overlay-color":"","overlay-opacity":"","overlay-gradient":""},"tablet":{"background-color":"","background-image":"","background-repeat":"repeat","background-position":"center center","background-size":"auto","background-attachment":"scroll","background-type":"","background-media":"","overlay-type":"","overlay-color":"","overlay-opacity":"","overlay-gradient":""},"mobile":{"background-color":"","background-image":"","background-repeat":"repeat","background-position":"center center","background-size":"auto","background-attachment":"scroll","background-type":"","background-media":"","overlay-type":"","overlay-color":"","overlay-opacity":"","overlay-gradient":""}},"ast-content-background-meta":{"desktop":{"background-color":"var(--ast-global-color-5)","background-image":"","background-repeat":"repeat","background-position":"center center","background-size":"auto","background-attachment":"scroll","background-type":"","background-media":"","overlay-type":"","overlay-color":"","overlay-opacity":"","overlay-gradient":""},"tablet":{"background-color":"var(--ast-global-color-5)","background-image":"","background-repeat":"repeat","background-position":"center center","background-size":"auto","background-attachment":"scroll","background-type":"","background-media":"","overlay-type":"","overlay-color":"","overlay-opacity":"","overlay-gradient":""},"mobile":{"background-color":"var(--ast-global-color-5)","background-image":"","background-repeat":"repeat","background-position":"center center","background-size":"auto","background-attachment":"scroll","background-type":"","background-media":"","overlay-type":"","overlay-color":"","overlay-opacity":"","overlay-gradient":""}},"footnotes":""},"class_list":["post-1383","page","type-page","status-publish","hentry"],"yoast_head":"<!-- This site is optimized with the Yoast SEO Premium plugin v21.7 (Yoast SEO v27.4) - https:\/\/yoast.com\/product\/yoast-seo-premium-wordpress\/ -->\n<title>Banque - 2ln International<\/title>\n<meta name=\"robots\" content=\"index, follow, max-snippet:-1, max-image-preview:large, max-video-preview:-1\" \/>\n<link rel=\"canonical\" href=\"https:\/\/2ln-international.com\/en\/banque\/\" \/>\n<meta property=\"og:locale\" content=\"en_GB\" \/>\n<meta property=\"og:type\" content=\"article\" \/>\n<meta property=\"og:title\" content=\"Banque\" \/>\n<meta property=\"og:description\" content=\"Nous travaillons avec les meilleurs partenaires BNP Paribas est la premi\u00e8re banque de la zone Euro et un acteur bancaire international majeur. Cette collaboration a pour but d&rsquo;offrir encore plus de solutions et de services aux \u00e9tudiants internationaux qui souhaitent poursuivre leurs \u00e9tudes en France, en leur facilitant l&rsquo;acc\u00e8s \u00e0 des services financiers et autres [&hellip;]\" \/>\n<meta property=\"og:url\" content=\"https:\/\/2ln-international.com\/en\/banque\/\" \/>\n<meta property=\"og:site_name\" content=\"2ln International\" \/>\n<meta property=\"article:publisher\" content=\"https:\/\/www.facebook.com\/profile.php?id=100091769081847&amp;mibextid=LQQJ4d\" \/>\n<meta property=\"article:modified_time\" content=\"2024-01-17T11:34:34+00:00\" \/>\n<meta property=\"og:image\" content=\"https:\/\/2ln-international.com\/wp-content\/uploads\/2023\/12\/bnp.png\" \/>\n<meta name=\"twitter:card\" content=\"summary_large_image\" \/>\n<meta name=\"twitter:site\" content=\"@2lncorporation\" \/>\n<meta name=\"twitter:label1\" content=\"Estimated reading time\" \/>\n\t<meta name=\"twitter:data1\" content=\"2 minutes\" \/>\n<script type=\"application\/ld+json\" class=\"yoast-schema-graph\">{\"@context\":\"https:\\\/\\\/schema.org\",\"@graph\":[{\"@type\":\"WebPage\",\"@id\":\"https:\\\/\\\/2ln-international.com\\\/banque\\\/\",\"url\":\"https:\\\/\\\/2ln-international.com\\\/banque\\\/\",\"name\":\"Banque - 2ln International\",\"isPartOf\":{\"@id\":\"https:\\\/\\\/2ln-international.com\\\/#website\"},\"primaryImageOfPage\":{\"@id\":\"https:\\\/\\\/2ln-international.com\\\/banque\\\/#primaryimage\"},\"image\":{\"@id\":\"https:\\\/\\\/2ln-international.com\\\/banque\\\/#primaryimage\"},\"thumbnailUrl\":\"https:\\\/\\\/2ln-international.com\\\/wp-content\\\/uploads\\\/2023\\\/12\\\/bnp.png\",\"datePublished\":\"2023-12-23T11:59:43+00:00\",\"dateModified\":\"2024-01-17T11:34:34+00:00\",\"breadcrumb\":{\"@id\":\"https:\\\/\\\/2ln-international.com\\\/banque\\\/#breadcrumb\"},\"inLanguage\":\"en-GB\",\"potentialAction\":[{\"@type\":\"ReadAction\",\"target\":[\"https:\\\/\\\/2ln-international.com\\\/banque\\\/\"]}]},{\"@type\":\"ImageObject\",\"inLanguage\":\"en-GB\",\"@id\":\"https:\\\/\\\/2ln-international.com\\\/banque\\\/#primaryimage\",\"url\":\"https:\\\/\\\/2ln-international.com\\\/wp-content\\\/uploads\\\/2023\\\/12\\\/bnp.png\",\"contentUrl\":\"https:\\\/\\\/2ln-international.com\\\/wp-content\\\/uploads\\\/2023\\\/12\\\/bnp.png\"},{\"@type\":\"BreadcrumbList\",\"@id\":\"https:\\\/\\\/2ln-international.com\\\/banque\\\/#breadcrumb\",\"itemListElement\":[{\"@type\":\"ListItem\",\"position\":1,\"name\":\"Accueil\",\"item\":\"https:\\\/\\\/2ln-international.com\\\/\"},{\"@type\":\"ListItem\",\"position\":2,\"name\":\"Banque\"}]},{\"@type\":\"WebSite\",\"@id\":\"https:\\\/\\\/2ln-international.com\\\/#website\",\"url\":\"https:\\\/\\\/2ln-international.com\\\/\",\"name\":\"2ln International\",\"description\":\"We easily change your life\",\"publisher\":{\"@id\":\"https:\\\/\\\/2ln-international.com\\\/#organization\"},\"potentialAction\":[{\"@type\":\"SearchAction\",\"target\":{\"@type\":\"EntryPoint\",\"urlTemplate\":\"https:\\\/\\\/2ln-international.com\\\/?s={search_term_string}\"},\"query-input\":{\"@type\":\"PropertyValueSpecification\",\"valueRequired\":true,\"valueName\":\"search_term_string\"}}],\"inLanguage\":\"en-GB\"},{\"@type\":\"Organization\",\"@id\":\"https:\\\/\\\/2ln-international.com\\\/#organization\",\"name\":\"2ln International\",\"url\":\"https:\\\/\\\/2ln-international.com\\\/\",\"logo\":{\"@type\":\"ImageObject\",\"inLanguage\":\"en-GB\",\"@id\":\"https:\\\/\\\/2ln-international.com\\\/#\\\/schema\\\/logo\\\/image\\\/\",\"url\":\"https:\\\/\\\/2ln-international.com\\\/wp-content\\\/uploads\\\/2024\\\/09\\\/cropped-cropped-2ln-International_Plan-de-travail-1.png\",\"contentUrl\":\"https:\\\/\\\/2ln-international.com\\\/wp-content\\\/uploads\\\/2024\\\/09\\\/cropped-cropped-2ln-International_Plan-de-travail-1.png\",\"width\":554,\"height\":189,\"caption\":\"2ln International\"},\"image\":{\"@id\":\"https:\\\/\\\/2ln-international.com\\\/#\\\/schema\\\/logo\\\/image\\\/\"},\"sameAs\":[\"https:\\\/\\\/www.facebook.com\\\/profile.php?id=100091769081847&mibextid=LQQJ4d\",\"https:\\\/\\\/x.com\\\/2lncorporation\",\"https:\\\/\\\/www.linkedin.com\\\/company\\\/2ln-corporation\",\"https:\\\/\\\/instagram.com\\\/2lncorp\"]}]}<\/script>\n<!-- \/ Yoast SEO Premium plugin. -->","yoast_head_json":{"title":"Banque - 2ln International","robots":{"index":"index","follow":"follow","max-snippet":"max-snippet:-1","max-image-preview":"max-image-preview:large","max-video-preview":"max-video-preview:-1"},"canonical":"https:\/\/2ln-international.com\/en\/banque\/","og_locale":"en_GB","og_type":"article","og_title":"Banque","og_description":"Nous travaillons avec les meilleurs partenaires BNP Paribas est la premi\u00e8re banque de la zone Euro et un acteur bancaire international majeur. Cette collaboration a pour but d&rsquo;offrir encore plus de solutions et de services aux \u00e9tudiants internationaux qui souhaitent poursuivre leurs \u00e9tudes en France, en leur facilitant l&rsquo;acc\u00e8s \u00e0 des services financiers et autres [&hellip;]","og_url":"https:\/\/2ln-international.com\/en\/banque\/","og_site_name":"2ln International","article_publisher":"https:\/\/www.facebook.com\/profile.php?id=100091769081847&mibextid=LQQJ4d","article_modified_time":"2024-01-17T11:34:34+00:00","og_image":[{"url":"https:\/\/2ln-international.com\/wp-content\/uploads\/2023\/12\/bnp.png","type":"","width":"","height":""}],"twitter_card":"summary_large_image","twitter_site":"@2lncorporation","twitter_misc":{"Estimated reading time":"2 minutes"},"schema":{"@context":"https:\/\/schema.org","@graph":[{"@type":"WebPage","@id":"https:\/\/2ln-international.com\/banque\/","url":"https:\/\/2ln-international.com\/banque\/","name":"Banque - 2ln International","isPartOf":{"@id":"https:\/\/2ln-international.com\/#website"},"primaryImageOfPage":{"@id":"https:\/\/2ln-international.com\/banque\/#primaryimage"},"image":{"@id":"https:\/\/2ln-international.com\/banque\/#primaryimage"},"thumbnailUrl":"https:\/\/2ln-international.com\/wp-content\/uploads\/2023\/12\/bnp.png","datePublished":"2023-12-23T11:59:43+00:00","dateModified":"2024-01-17T11:34:34+00:00","breadcrumb":{"@id":"https:\/\/2ln-international.com\/banque\/#breadcrumb"},"inLanguage":"en-GB","potentialAction":[{"@type":"ReadAction","target":["https:\/\/2ln-international.com\/banque\/"]}]},{"@type":"ImageObject","inLanguage":"en-GB","@id":"https:\/\/2ln-international.com\/banque\/#primaryimage","url":"https:\/\/2ln-international.com\/wp-content\/uploads\/2023\/12\/bnp.png","contentUrl":"https:\/\/2ln-international.com\/wp-content\/uploads\/2023\/12\/bnp.png"},{"@type":"BreadcrumbList","@id":"https:\/\/2ln-international.com\/banque\/#breadcrumb","itemListElement":[{"@type":"ListItem","position":1,"name":"Accueil","item":"https:\/\/2ln-international.com\/"},{"@type":"ListItem","position":2,"name":"Banque"}]},{"@type":"WebSite","@id":"https:\/\/2ln-international.com\/#website","url":"https:\/\/2ln-international.com\/","name":"2ln International","description":"We easily change your life","publisher":{"@id":"https:\/\/2ln-international.com\/#organization"},"potentialAction":[{"@type":"SearchAction","target":{"@type":"EntryPoint","urlTemplate":"https:\/\/2ln-international.com\/?s={search_term_string}"},"query-input":{"@type":"PropertyValueSpecification","valueRequired":true,"valueName":"search_term_string"}}],"inLanguage":"en-GB"},{"@type":"Organization","@id":"https:\/\/2ln-international.com\/#organization","name":"2ln International","url":"https:\/\/2ln-international.com\/","logo":{"@type":"ImageObject","inLanguage":"en-GB","@id":"https:\/\/2ln-international.com\/#\/schema\/logo\/image\/","url":"https:\/\/2ln-international.com\/wp-content\/uploads\/2024\/09\/cropped-cropped-2ln-International_Plan-de-travail-1.png","contentUrl":"https:\/\/2ln-international.com\/wp-content\/uploads\/2024\/09\/cropped-cropped-2ln-International_Plan-de-travail-1.png","width":554,"height":189,"caption":"2ln International"},"image":{"@id":"https:\/\/2ln-international.com\/#\/schema\/logo\/image\/"},"sameAs":["https:\/\/www.facebook.com\/profile.php?id=100091769081847&mibextid=LQQJ4d","https:\/\/x.com\/2lncorporation","https:\/\/www.linkedin.com\/company\/2ln-corporation","https:\/\/instagram.com\/2lncorp"]}]}},"_links":{"self":[{"href":"https:\/\/2ln-international.com\/en\/wp-json\/wp\/v2\/pages\/1383","targetHints":{"allow":["GET"]}}],"collection":[{"href":"https:\/\/2ln-international.com\/en\/wp-json\/wp\/v2\/pages"}],"about":[{"href":"https:\/\/2ln-international.com\/en\/wp-json\/wp\/v2\/types\/page"}],"author":[{"embeddable":true,"href":"https:\/\/2ln-international.com\/en\/wp-json\/wp\/v2\/users\/2"}],"replies":[{"embeddable":true,"href":"https:\/\/2ln-international.com\/en\/wp-json\/wp\/v2\/comments?post=1383"}],"version-history":[{"count":1,"href":"https:\/\/2ln-international.com\/en\/wp-json\/wp\/v2\/pages\/1383\/revisions"}],"predecessor-version":[{"id":1882,"href":"https:\/\/2ln-international.com\/en\/wp-json\/wp\/v2\/pages\/1383\/revisions\/1882"}],"wp:attachment":[{"href":"https:\/\/2ln-international.com\/en\/wp-json\/wp\/v2\/media?parent=1383"}],"curies":[{"name":"wp","href":"https:\/\/api.w.org\/{rel}","templated":true}]}}